{"id":25,"date":"2014-09-14T09:21:09","date_gmt":"2014-09-14T09:21:09","guid":{"rendered":"http:\/\/localhost\/final-leisure\/?page_id=25"},"modified":"2019-10-17T08:50:56","modified_gmt":"2019-10-17T08:50:56","slug":"dining","status":"publish","type":"page","link":"https:\/\/weperhaeuschen-wiesenwind.de\/?page_id=25","title":{"rendered":"Wellness"},"content":{"rendered":"[vc_row position=&#8220;center center&#8220; css=&#8220;.vc_custom_1461918705233{background-image: url(https:\/\/weperhaeuschen-wiesenwind.de\/wp-content\/uploads\/2014\/09\/behandlung.jpg?id=3517) !important;background-position: center !important;background-repeat: no-repeat !important;background-size: contain !important;}&#8220; el_class=&#8220;content-padding-xxl background-none-mobile&#8220;][vc_column width=&#8220;1\/2&#8243; offset=&#8220;vc_col-sm-offset-6&#8243;][vc_column_text el_class=&#8220;white-box content-padding-xs&#8220;]\n<h2>Anwendungen<small>Kosmetik und Physiotherapie<\/small><\/h2>\n<p>Sie verbringen wundersch\u00f6ne und erholsame Tage in Ihrem Wellness Ferienhaus. Wie soll das noch zu \u00fcbertreffen sein? Wie w\u00e4re es mit einer Wellnessbehandlung oder Physiotherapie in den Praxisr\u00e4umen Ihrer Gastgeberin? Die Praxis liegt nur 5 Minuten Autofahrt entfernt, direkt in Moringen. Nach der Behandlung kuscheln Sie sich dann mit einem Buch ins Bett oder setzen sich vor den Elektrokamin&#8230;<\/p>\n<p><a class=\"btn btn-inline\" href=\"https:\/\/weperhaeuschen-wiesenwind.de\/?page_id=13\">Unsere Behandlungen &#8211; Luxus den Sie sich g\u00f6nnen wollen<\/a>[\/vc_column_text][\/vc_column][\/vc_row][vc_row][vc_column][vc_tta_pageable][vc_tta_section title=&#8220;Inhaltsbereich 1&#8243; tab_id=&#8220;1571302148635-98fb4c2b-c08b&#8220;][\/vc_tta_section][vc_tta_section title=&#8220;Inhaltsbereich 2&#8243; tab_id=&#8220;1571302148636-748813c1-e5e8&#8243;][\/vc_tta_section][\/vc_tta_pageable][vc_images_carousel images=&#8220;3938,3939,3940,3941,3942&#8243;][\/vc_column][\/vc_row]\n","protected":false},"excerpt":{"rendered":"<p>[vc_row position=&#8220;center center&#8220; css=&#8220;.vc_custom_1461918705233{background-image: url(https:\/\/weperhaeuschen-wiesenwind.de\/wp-content\/uploads\/2014\/09\/behandlung.jpg?id=3517) !important;background-position: center !important;background-repeat: no-repeat !important;background-size: contain !important;}&#8220; el_class=&#8220;content-padding-xxl background-none-mobile&#8220;][vc_column width=&#8220;1\/2&#8243; offset=&#8220;vc_col-sm-offset-6&#8243;][vc_column_text el_class=&#8220;white-box content-padding-xs&#8220;] AnwendungenKosmetik und [&hellip;]<\/p>\n","protected":false},"author":1,"featured_media":0,"parent":11,"menu_order":0,"comment_status":"open","ping_status":"closed","template":"","meta":{"footnotes":""},"class_list":["post-25","page","type-page","status-publish","hentry"],"_links":{"self":[{"href":"https:\/\/weperhaeuschen-wiesenwind.de\/index.php?rest_route=\/wp\/v2\/pages\/25","targetHints":{"allow":["GET"]}}],"collection":[{"href":"https:\/\/weperhaeuschen-wiesenwind.de\/index.php?rest_route=\/wp\/v2\/pages"}],"about":[{"href":"https:\/\/weperhaeuschen-wiesenwind.de\/index.php?rest_route=\/wp\/v2\/types\/page"}],"author":[{"embeddable":true,"href":"https:\/\/weperhaeuschen-wiesenwind.de\/index.php?rest_route=\/wp\/v2\/users\/1"}],"replies":[{"embeddable":true,"href":"https:\/\/weperhaeuschen-wiesenwind.de\/index.php?rest_route=%2Fwp%2Fv2%2Fcomments&post=25"}],"version-history":[{"count":5,"href":"https:\/\/weperhaeuschen-wiesenwind.de\/index.php?rest_route=\/wp\/v2\/pages\/25\/revisions"}],"predecessor-version":[{"id":3943,"href":"https:\/\/weperhaeuschen-wiesenwind.de\/index.php?rest_route=\/wp\/v2\/pages\/25\/revisions\/3943"}],"up":[{"embeddable":true,"href":"https:\/\/weperhaeuschen-wiesenwind.de\/index.php?rest_route=\/wp\/v2\/pages\/11"}],"wp:attachment":[{"href":"https:\/\/weperhaeuschen-wiesenwind.de\/index.php?rest_route=%2Fwp%2Fv2%2Fmedia&parent=25"}],"curies":[{"name":"wp","href":"https:\/\/api.w.org\/{rel}","templated":true}]}}