{"id":11,"date":"2014-09-14T09:19:10","date_gmt":"2014-09-14T09:19:10","guid":{"rendered":"http:\/\/localhost\/final-leisure\/?page_id=11"},"modified":"2019-11-25T12:54:02","modified_gmt":"2019-11-25T12:54:02","slug":"resort","status":"publish","type":"page","link":"https:\/\/weperhaeuschen-wiesenwind.de\/?page_id=11","title":{"rendered":"Unser Haus"},"content":{"rendered":"[vc_row][vc_column width=&#8220;1\/2&#8243;][vc_single_image image=&#8220;3501&#8243; img_size=&#8220;full&#8220;][vc_gallery images=&#8220;3464,3905&#8243; columns=&#8220;4&#8243; masonry=&#8220;fitRows&#8220;][\/vc_column][vc_column width=&#8220;1\/2&#8243;][vc_custom_heading text=&#8220;Vertr\u00e4umte Momente in behaglicher Atmosph\u00e4re&#8220; use_theme_fonts=&#8220;yes&#8220;][vc_single_image image=&#8220;4044&#8243; img_size=&#8220;full&#8220;][vc_column_text]\n<p class=\"lead\">Romantisch pr\u00e4sent und stimmig, genie\u00dfen Sie vertr\u00e4umte Momente in behaglicher Atmosph\u00e4re auf unserem Kuschelsofa mit vielen Kissen.<\/p>\n<p>Bei der Planung haben wir bewusst besonderen Wert auf Sichtbarkeit und Kommunikation gelegt und den Wohn-, Ess- und K\u00fcchenbereich offen gestaltet. F\u00fchren Sie spannende Unterhaltungen oder Spieleabende am gem\u00fctlichen Tisch mit St\u00fchlen oder relaxen Sie vor dem TV.[\/vc_column_text][\/vc_column][\/vc_row][vc_row][vc_column width=&#8220;1\/2&#8243;][vc_custom_heading text=&#8220;Mit gut ausgestatteter K\u00fcche zum Genie\u00dfen&#8220; use_theme_fonts=&#8220;yes&#8220;][vc_single_image image=&#8220;3490&#8243; img_size=&#8220;full&#8220;][vc_column_text]\n<p class=\"lead\">Die gem\u00fctliche K\u00fcche ist der Ausgangspunkt f\u00fcr jeden entspannten Tag.<\/p>\n<p>Damit es Ihnen an nichts fehlt, finden Sie in unserer komplett ausgestatteten Landhausk\u00fcche neben K\u00fchlschrank, Geschirrsp\u00fcler und einem modernen Cerankochfeld, Backofen, Kaffeemaschine, Wasserkocher und Toaster.[\/vc_column_text][\/vc_column][vc_column width=&#8220;1\/2&#8243;][vc_single_image image=&#8220;3493&#8243; img_size=&#8220;full&#8220;][vc_gallery images=&#8220;3458,3457&#8243; columns=&#8220;4&#8243; masonry=&#8220;fitRows&#8220;][\/vc_column][\/vc_row][vc_row][vc_column width=&#8220;1\/2&#8243;][vc_single_image image=&#8220;3631&#8243; img_size=&#8220;full&#8220;][vc_gallery images=&#8220;3459,3460&#8243; columns=&#8220;4&#8243; masonry=&#8220;fitRows&#8220;][\/vc_column][vc_column width=&#8220;1\/2&#8243;][vc_custom_heading text=&#8220;Das Wohlf\u00fchlbad&#8220; use_theme_fonts=&#8220;yes&#8220;][vc_single_image image=&#8220;3557&#8243; img_size=&#8220;full&#8220;][vc_column_text]Ihr Ferienhaus verf\u00fcgt \u00fcber ein elegantes Badezimmer mit Fenster, einen individuell gefertigten Waschtisch und eine bodentiefe Dusche.<\/p>\n<p>Ein gro\u00dfer Handtuchheizk\u00f6rper sorgt f\u00fcr eine schnelle Erw\u00e4rmung des Bades und mollig warme Handt\u00fccher.[\/vc_column_text][\/vc_column][\/vc_row][vc_row][vc_column width=&#8220;1\/2&#8243;][vc_custom_heading text=&#8220;Ruheraum im Erdgeschoss&#8220; use_theme_fonts=&#8220;yes&#8220;][vc_single_image image=&#8220;3922&#8243; img_size=&#8220;full&#8220;][vc_column_text]Direkt vom Wohnzimmer aus gelangen Sie in einen weiteren ca. 16qm gro\u00dfen Raum mit Fu\u00dfbodenheizung und freistehender Nostalgiebadewanne.<\/p>\n<p>DIeser Raum ist auch sehr gut als drittes Schlafzimmer f\u00fcr eine 4. Person nutzbar.[\/vc_column_text][\/vc_column][vc_column width=&#8220;1\/2&#8243;][vc_single_image image=&#8220;3926&#8243; img_size=&#8220;full&#8220;][vc_gallery images=&#8220;3925,3914&#8243; columns=&#8220;4&#8243; masonry=&#8220;fitRows&#8220;][\/vc_column][\/vc_row][vc_row][vc_column width=&#8220;1\/2&#8243;][vc_single_image image=&#8220;3930&#8243; img_size=&#8220;full&#8220;][vc_gallery images=&#8220;3932,3933&#8243; columns=&#8220;4&#8243; masonry=&#8220;fitRows&#8220;][\/vc_column][vc_column width=&#8220;1\/2&#8243;][vc_custom_heading text=&#8220;Entspannung auf der Terrasse&#8220; use_theme_fonts=&#8220;yes&#8220;][vc_column_text]Vom lichtdurchfluteten Wohnbereich gelangen Sie auf die nach S\u00fcden ausgerichtete Sonnenterrasse. Von dort k\u00f6nnen Sie den Blick schweifen lassen und tief durchatmen. Die weitl\u00e4ufigen Wiesen und Felder bieten einen traumhaften Ausblick.<br \/>\nDamit es Ihnen an nichts fehlt, haben wir die Terasse mit Tisch, St\u00fchlen und einem gro\u00dfen Sonnenschirm ausgestattet. Damit es Ihnen an nichts fehlt, gibt es eine weitere Sonnenterrasse mit 2 gem\u00fctlichen Deckchairs.[\/vc_column_text][\/vc_column][\/vc_row][vc_row][vc_column width=&#8220;1\/2&#8243;][vc_custom_heading text=&#8220;Traumhaft schlafen &#8211; Das Obergescho\u00df&#8220; use_theme_fonts=&#8220;yes&#8220;][vc_single_image image=&#8220;3565&#8243; img_size=&#8220;full&#8220;][vc_column_text]Im Obergescho\u00df ziehen Sie sich zum Schlafen oder Lesen zur\u00fcck. Genie\u00dfen Sie das romantische Schlafzimmer.\u00a0 In dem gro\u00dfen, bequemen Boxspringbett schlafen Sie wie im 7. Himmel.<\/p>\n<p>F\u00fcr den Fall, dass das Wetter mal nicht perfekt sein sollte, k\u00f6nnen Sie dort vom Bett aus entspannt das Fernsehprogramm genie\u00dfen.<\/p>\n<p>F\u00fcr Kinder oder Schnarcher haben wir, ebenfalls im Obergescho\u00df,\u00a0 extra ein separates 2. Schlafzimmer eingerichtet. Unser kleines \u201eSchnarcherzimmer\u201c.[\/vc_column_text][\/vc_column][vc_column width=&#8220;1\/2&#8243;][vc_single_image image=&#8220;3468&#8243; img_size=&#8220;full&#8220;][vc_gallery images=&#8220;3456&#8243; columns=&#8220;4&#8243; masonry=&#8220;fitRows&#8220;][\/vc_column][\/vc_row]\n","protected":false},"excerpt":{"rendered":"<p>[vc_row][vc_column width=&#8220;1\/2&#8243;][vc_single_image image=&#8220;3501&#8243; img_size=&#8220;full&#8220;][vc_gallery images=&#8220;3464,3905&#8243; columns=&#8220;4&#8243; masonry=&#8220;fitRows&#8220;][\/vc_column][vc_column width=&#8220;1\/2&#8243;][vc_custom_heading text=&#8220;Vertr\u00e4umte Momente in behaglicher Atmosph\u00e4re&#8220; use_theme_fonts=&#8220;yes&#8220;][vc_single_image image=&#8220;4044&#8243; img_size=&#8220;full&#8220;][vc_column_text] Romantisch pr\u00e4sent und stimmig, [&hellip;]<\/p>\n","protected":false},"author":1,"featured_media":0,"parent":0,"menu_order":0,"comment_status":"open","ping_status":"closed","template":"","meta":{"footnotes":""},"class_list":["post-11","page","type-page","status-publish","hentry"],"_links":{"self":[{"href":"https:\/\/weperhaeuschen-wiesenwind.de\/index.php?rest_route=\/wp\/v2\/pages\/11","targetHints":{"allow":["GET"]}}],"collection":[{"href":"https:\/\/weperhaeuschen-wiesenwind.de\/index.php?rest_route=\/wp\/v2\/pages"}],"about":[{"href":"https:\/\/weperhaeuschen-wiesenwind.de\/index.php?rest_route=\/wp\/v2\/types\/page"}],"author":[{"embeddable":true,"href":"https:\/\/weperhaeuschen-wiesenwind.de\/index.php?rest_route=\/wp\/v2\/users\/1"}],"replies":[{"embeddable":true,"href":"https:\/\/weperhaeuschen-wiesenwind.de\/index.php?rest_route=%2Fwp%2Fv2%2Fcomments&post=11"}],"version-history":[{"count":28,"href":"https:\/\/weperhaeuschen-wiesenwind.de\/index.php?rest_route=\/wp\/v2\/pages\/11\/revisions"}],"predecessor-version":[{"id":4045,"href":"https:\/\/weperhaeuschen-wiesenwind.de\/index.php?rest_route=\/wp\/v2\/pages\/11\/revisions\/4045"}],"wp:attachment":[{"href":"https:\/\/weperhaeuschen-wiesenwind.de\/index.php?rest_route=%2Fwp%2Fv2%2Fmedia&parent=11"}],"curies":[{"name":"wp","href":"https:\/\/api.w.org\/{rel}","templated":true}]}}